{"id":100,"date":"2020-02-18T13:25:41","date_gmt":"2020-02-18T12:25:41","guid":{"rendered":"https:\/\/utulek.ostrava.cz\/\/?page_id=100"},"modified":"2020-03-04T14:35:23","modified_gmt":"2020-03-04T13:35:23","slug":"vychov-psa","status":"publish","type":"page","link":"https:\/\/utulek.ostrava.cz\/index.php\/vychov-psa\/","title":{"rendered":"V\u00fdchova psa"},"content":{"rendered":"\n<h3 class=\"wp-block-heading\">V\u00fdb\u011br psa <\/h3>\n\n\n\n<p>Ne\u017e si vyberete psa, m\u011bli byste dob\u0159e zn\u00e1t sv\u00e9 finan\u010dn\u00ed, \u010dasov\u00e9 a fyzick\u00e9 mo\u017enosti! <\/p>\n\n\n\n<p>Mus\u00edte si vybrat rasu, kter\u00e1 v\u00e1m bude nejl\u00e9pe vyhovovat. Vhodn\u00e9 je je\u0161t\u011b p\u0159ed koup\u00ed psa nastudovat n\u011bkterou z nep\u0159ebern\u00e9ho mno\u017estv\u00ed p\u0159\u00edru\u010dek, kter\u00e9 jsou na na\u0161em kni\u017en\u00edm trhu b\u011b\u017en\u011b k dost\u00e1n\u00ed. V ka\u017ed\u00e9 p\u0159\u00edru\u010dce pro majitele ps\u016f najdete informace a upozorn\u011bn\u00ed na n\u011bkter\u00e1 \u00faskal\u00ed, kter\u00e1 se mohou vyskytnout p\u0159i sou\u017eit\u00ed \u010dlov\u011bka se psem. V po\u010d\u00e1tc\u00edch v\u00e1m m\u016f\u017ee b\u00fdt kniha i takov\u00fdm mal\u00fdm n\u00e1vodem jak postupovat p\u0159i v\u00fdchov\u011b psa. Pokud jste zv\u00e1\u017eili ve\u0161ker\u00e1 rizika a rozhodli jste se po\u0159\u00eddit si pejska, m\u00e1me pro v\u00e1s n\u011bkolik rad, jak postupovat. <\/p>\n\n\n\n<h3 class=\"wp-block-heading\">Jak postupovat p\u0159i v\u00fdb\u011bru psa <\/h3>\n\n\n\n<p>Pamatujte, \u017ee z\u00e1kladem \u00fasp\u011bchu je d\u016fslednost. Pokud za\u010d\u00edn\u00e1te s v\u00fdcvikem \u0161t\u011bn\u011bte, je t\u0159eba v\u011bd\u011bt, \u017ee du\u0161evn\u00ed rozvoj dvoum\u011bs\u00ed\u010dn\u00edho \u0161t\u011bn\u011bte odpov\u00edd\u00e1 v\u011bku velmi mal\u00e9ho d\u00edt\u011bte. V prvn\u00edch dnech bu\u010fte trp\u011bliv\u00ed a p\u0159\u00edsnost odlo\u017ete stranou. Je samoz\u0159ejmost\u00ed, \u017ee i star\u0161\u00ed pes je vychovateln\u00fd, v\u017edy je v\u0161ak snadn\u011bj\u0161\u00ed u\u010dit psa mlad\u00e9ho ne\u017e dosp\u011bl\u00e9ho, kter\u00fd m\u00e1 u\u017e sv\u00e9 zlozvyky.<\/p>\n\n\n\n<p>K tomu, aby sou\u017eit\u00ed psa a jeho majitele bylo bezprobl\u00e9mov\u00e9, je bezpodm\u00edne\u010dn\u011b nutn\u00e9, aby pes zvl\u00e1dal aspo\u0148 z\u00e1kladn\u00ed pravidla poslu\u0161nosti. P\u0159ib\u011bhl na povel, z\u016fstal na m\u00edst\u011b, zvl\u00e1dal ch\u016fzi u nohy, sedl si a lehl, kdy\u017e to bude pot\u0159eba. Toto je z\u00e1klad, kter\u00fd je bezpodm\u00edne\u010dn\u011b nutn\u00fd tak\u00e9 pro jeho bezpe\u010dnost. Pokud jste za\u010d\u00e1te\u010dn\u00edk a s chovem ps\u016f nem\u00e1te \u017e\u00e1dn\u00e9 zku\u0161enosti, nejjednodu\u0161\u0161\u00ed bude, kdy\u017e nav\u0161t\u00edv\u00edte se sv\u00fdm pejskem n\u011bkter\u00e9 z kynologick\u00fdch cvi\u010di\u0161\u0165. Tam v\u00e1m r\u00e1di porad\u00ed se z\u00e1kladem v\u00fdcviku, na co je d\u016fle\u017eit\u00e9 se zam\u011b\u0159it a jak\u00fdch chyb se m\u00e1te v po\u010d\u00e1tc\u00edch vyvarovat.<\/p>\n\n\n\n<h3 class=\"wp-block-heading\">Prvn\u00ed kroky <\/h3>\n\n\n\n<p>Prvn\u00ed kroky do nov\u00e9ho domova jsou pro pejska nejt\u011b\u017e\u0161\u00ed. Ocit\u00e1 se v nov\u00e9m prost\u0159ed\u00ed a m\u016f\u017ee trp\u011bt pocitem osam\u011bn\u00ed. Proto psa p\u0159iv\u00edtejte jeho nov\u00fdm pel\u00ed\u0161kem. M\u011bl by obsahovat hra\u010dky a pamlsky, kter\u00e9 jej zklidn\u00ed. S v\u00fdchovou za\u010d\u00ednejte postupn\u011b, prvn\u00ed dny si mus\u00ed pejsek zvyknout. U star\u0161\u00edch pejsk\u016f m\u016f\u017ee adaptace trvat d\u00e9l\u00e9. <\/p>\n\n\n\n<h3 class=\"wp-block-heading\">Hra\u010dky <\/h3>\n\n\n\n<p>Spr\u00e1vn\u00e9 hra\u010dky podporuj\u00ed fyzick\u00fd i du\u0161evn\u00ed v\u00fdvoj \u0161t\u011bn\u011bte. Jejich po\u010det by m\u011bl b\u00fdt minim\u00e1ln\u00ed, vhodn\u00e9 jsou ty, kter\u00e9 se daj\u00ed chytat, kousat, honit a mohou p\u00edskat. Hra\u010dky ukl\u00edzejte, proto\u017ee pejsek by m\u011bl v\u011bd\u011bt, \u017ee hra\u010dky jsou va\u0161e a budou slou\u017eit jako odm\u011bna. Hra\u010dky, kter\u00e9 jsou snadno dostupn\u00e9, postupn\u011b ztr\u00e1cej\u00ed na zaj\u00edmavosti. <\/p>\n\n\n\n<h3 class=\"wp-block-heading\">Pochvala psa <\/h3>\n\n\n\n<p>Pes, stejn\u011b tak jako \u010dlov\u011bk, reaguje na pochvalu. Pokud m\u00e1 b\u00fdt va\u0161e v\u00fduka \u00fa\u010dinn\u00e1, mus\u00edte sv\u00e9ho psa chv\u00e1lit poka\u017ed\u00e9, kdy\u017e uposlechne va\u0161ich pokyn\u016f. M\u016f\u017eete jej odm\u011bnit pochvalou (d\u016fle\u017eit\u00e1 je intonace hlasu), pamlskem, pohlazen\u00edm \u010di mu nab\u00eddnout jeho obl\u00edbenou hra\u010dku. Pochvala by m\u011bla b\u00fdt dvakr\u00e1t tak v\u011bt\u0161\u00ed ne\u017e pok\u00e1r\u00e1n\u00ed. <\/p>\n\n\n\n<h3 class=\"wp-block-heading\">Vod\u00edtko s obojkem <\/h3>\n\n\n\n<p>Ch\u016fze na vod\u00edtku je jedn\u00edm ze z\u00e1kladn\u00edch po\u017eadavk\u016f, kter\u00e9 mus\u00ed pes spl\u0148ovat. V Ostrav\u011b plat\u00ed vyhl\u00e1\u0161ka Obecn\u011b z\u00e1vazn\u00e1 vyhl\u00e1\u0161ka \u010d.12\/2005, kter\u00e1 upravuje voln\u00fd pohyb ps\u016f. Z voln\u011b pob\u00edhaj\u00edc\u00edch ps\u016f maj\u00ed n\u011bkte\u0159\u00ed ob\u010dan\u00e9 strach a m\u016f\u017ee se st\u00e1t, \u017ee by v nest\u0159e\u017een\u00e9 chv\u00edli mohl v\u00e1\u0161 pes kohokoliv napadnout. Pokud budete m\u00edt psa na vod\u00edtku, vyhnete se tak \u0159ad\u011b nep\u0159\u00edjemnost\u00ed, nap\u0159\u00edklad v hust\u00e9m m\u011bstsk\u00e9m provozu, kter\u00fd je pro psa nebezpe\u010dn\u00fd.<\/p>\n\n\n\n<p>Nechte pejska, aby si obojek a vod\u00edtko o\u010dichal, pot\u00e9 jej rozptylte, tak \u017ee na n\u011bj budete klidn\u011b mluvit a obojek mu nasa\u010fte. Chv\u00edli si se psem hrajte a pak mu obojek sundejte \u2013 pot\u00e9 mus\u00ed n\u00e1sledovat pochvala. Ps\u00edk si brzo za\u010dne obojek spojovat s odm\u011bnou a bude jej sn\u00e1\u0161et bez probl\u00e9m\u016f.<\/p>\n\n\n\n<h3 class=\"wp-block-heading\">P\u0159ivol\u00e1n\u00ed <\/h3>\n\n\n\n<p>Z\u00e1kladn\u00ed pravidlo: psa nikdy nevolejte, abyste mu vy\u010dinili! Mohl by si n\u00e1vrat spojit s trestem. Navl\u00e9kn\u011bte psovi obojek s vod\u00edtkem a zavolejte jej jm\u00e9nem. M\u011bl by se k v\u00e1m vydat u\u017e ze zv\u011bdavosti. Kdy\u017e doraz\u00ed, p\u0159iv\u00edtejte jej hra\u010dkou, pohlazen\u00edm nebo odm\u011bnou. Pes by se m\u011bl vracet, proto\u017ee chce b\u00fdt ve va\u0161\u00ed spole\u010dnosti. <\/p>\n\n\n\n<h3 class=\"wp-block-heading\">N\u011bkter\u00e9 ps\u00ed zlozvyky <\/h3>\n\n\n\n<p>Pokud se rozhodnete pro star\u0161\u00edho pejska z \u00fatulku, m\u016f\u017ee se st\u00e1t, \u017ee bude m\u00edt ur\u010dit\u00e9 zlozvyky. \u010c\u00edm v\u011bt\u0161\u00ed bude va\u0161e trp\u011blivost, t\u00edm v\u011bt\u0161\u00ed l\u00e1skou se v\u00e1m pejsek odvd\u011b\u010d\u00ed.<\/p>\n\n\n\n<p>Je jasn\u00e9, \u017ee p\u0159ev\u00fdchova neprob\u011bhne hned. Pokud ov\u0161em budete d\u016fsledn\u00ed a vytrv\u00e1te, do\u010dk\u00e1te se odm\u011bny, nebo\u0165 mnoh\u00e9 zlozvyky sa daj\u00ed potla\u010dit a n\u011bkter\u00e9 i \u00fapln\u011b odstranit. A je\u0161t\u011b jedna rada &#8211; je snadn\u011bj\u0161\u00ed probl\u00e9m\u016fm p\u0159edch\u00e1zet, ne\u017e je napravovat.<\/p>\n\n\n\n<h3 class=\"wp-block-heading\">Pron\u00e1sledov\u00e1n\u00ed vozidel <\/h3>\n\n\n\n<p>Proj\u00ed\u017ed\u00ed-li vozidlo \u010di cyklista, sna\u017ete se odvr\u00e1tit pozornost psa jin\u00fdm sm\u011brem. Nesn\u00e1z\u00edm se d\u00e1 p\u0159edej\u00edt obl\u00edbenou hra\u010dkou. Pokud v\u00e1s cyklista m\u00edj\u00ed, dejte psovi pokyn sednout. Psa m\u011bjte v\u017edy na vod\u00edtku! <\/p>\n\n\n\n<h3 class=\"wp-block-heading\">Agresivita v\u016f\u010di jin\u00fdm ps\u016fm <\/h3>\n\n\n\n<p>Od \u00fatl\u00e9ho v\u011bku va\u0161eho psa se proch\u00e1zejte v prost\u0159ed\u00ed, kde se pohybuj\u00ed i ostatn\u00ed psi. Za\u010dn\u011bte v pat\u0159i\u010dn\u00e9 vzd\u00e1lenosti a postupn\u011b tuto vzd\u00e1lenost zkracujte. Pokud se v\u00e1\u0161 pes za\u010dne chovat agresivn\u011b, sna\u017ete se odvr\u00e1tit jeho pozornost jin\u00fdm sm\u011brem. Ji\u017e v ml\u00e1d\u00ed je nutn\u00e9 nau\u010dit psa nosit n\u00e1hubek a tak p\u0159edej\u00edt nep\u0159\u00edjemnostem. <\/p>\n\n\n\n<h3 class=\"wp-block-heading\">Agresivita v\u016f\u010di lidem <\/h3>\n\n\n\n<p>Pokud se sv\u00fdm psem budete zach\u00e1zet tak, jak se m\u00e1, jist\u011b bude i na ostatn\u00ed lidi reagovat adekv\u00e1tn\u011b. Je nutn\u00e9 si pamatovat, \u017ee pes m\u00e1 zak\u00f3dov\u00e1no, \u017ee \u017eije ve sme\u010dce a v ka\u017ed\u00e9 sme\u010dce je jeden v\u016fdce. Tak jako se psi podrob\u00ed v\u016fdci, tak se pes mus\u00ed podrobit i v\u00e1m. Mno\u017estv\u00ed dominantn\u00edch ps\u016f, kter\u00e9 dnes potk\u00e1v\u00e1me, jsou produktem pochybn\u00fdch chovatelsk\u00fdch snah \u010dlov\u011bka. A pokud u\u017e se stane, \u017ee m\u00e1te dominantn\u00edho psa, je nutn\u00e9, aby m\u011bl za v\u0161ech okolnost\u00ed n\u00e1hubek, kter\u00fd p\u0159edejde z\u00e1va\u017en\u00fdm n\u00e1sledk\u016fm. V minulosti je zaznamen\u00e1na \u0159ada p\u0159\u00edpad\u016f, kdy na neopatrn\u00e9 majitele ps\u016f doplatily hlavn\u011b d\u011bti. <\/p>\n\n\n\n<p><strong>Pokud vytrv\u00e1te a budete d\u016fsledn\u00ed, ur\u010dit\u011b bude va\u0161e sou\u017eit\u00ed napln\u011bno \u0159adou kr\u00e1sn\u00fdch z\u00e1\u017eitk\u016f a pejsek p\u0159inese do va\u0161eho \u017eivota radost.<\/strong> <\/p>\n","protected":false},"excerpt":{"rendered":"<p>V\u00fdb\u011br psa Ne\u017e si vyberete psa, m\u011bli byste dob\u0159e zn\u00e1t sv\u00e9 finan\u010dn\u00ed, \u010dasov\u00e9 a fyzick\u00e9 mo\u017enosti! Mus\u00edte si vybrat rasu, kter\u00e1 v\u00e1m bude nejl\u00e9pe vyhovovat. [&hellip;]<\/p>\n","protected":false},"author":3,"featured_media":0,"parent":0,"menu_order":0,"comment_status":"closed","ping_status":"closed","template":"","meta":{"_acf_changed":false,"footnotes":""},"class_list":["post-100","page","type-page","status-publish","hentry"],"acf":[],"_links":{"self":[{"href":"https:\/\/utulek.ostrava.cz\/index.php\/wp-json\/wp\/v2\/pages\/100","targetHints":{"allow":["GET"]}}],"collection":[{"href":"https:\/\/utulek.ostrava.cz\/index.php\/wp-json\/wp\/v2\/pages"}],"about":[{"href":"https:\/\/utulek.ostrava.cz\/index.php\/wp-json\/wp\/v2\/types\/page"}],"author":[{"embeddable":true,"href":"https:\/\/utulek.ostrava.cz\/index.php\/wp-json\/wp\/v2\/users\/3"}],"replies":[{"embeddable":true,"href":"https:\/\/utulek.ostrava.cz\/index.php\/wp-json\/wp\/v2\/comments?post=100"}],"version-history":[{"count":4,"href":"https:\/\/utulek.ostrava.cz\/index.php\/wp-json\/wp\/v2\/pages\/100\/revisions"}],"predecessor-version":[{"id":1056,"href":"https:\/\/utulek.ostrava.cz\/index.php\/wp-json\/wp\/v2\/pages\/100\/revisions\/1056"}],"wp:attachment":[{"href":"https:\/\/utulek.ostrava.cz\/index.php\/wp-json\/wp\/v2\/media?parent=100"}],"curies":[{"name":"wp","href":"https:\/\/api.w.org\/{rel}","templated":true}]}}