{"id":1015,"date":"2020-02-27T12:47:19","date_gmt":"2020-02-27T11:47:19","guid":{"rendered":"https:\/\/utulek.ostrava.cz\/\/?page_id=1015"},"modified":"2020-03-04T14:37:20","modified_gmt":"2020-03-04T13:37:20","slug":"poradna","status":"publish","type":"page","link":"https:\/\/utulek.ostrava.cz\/index.php\/poradna\/","title":{"rendered":"Poradna"},"content":{"rendered":"\n<ul class=\"wp-block-list\"><li><a href=\"https:\/\/utulek.ostrava.cz\/index.php\/rady-pro-zajemce\/\">Rady pro z\u00e1jemce<\/a><\/li><li><a href=\"https:\/\/utulek.ostrava.cz\/index.php\/cipovani\/\">\u010cipov\u00e1n\u00ed<\/a><\/li><li><a href=\"https:\/\/utulek.ostrava.cz\/index.php\/pece-o-psa\/\">P\u00e9\u010de o psa<\/a><\/li><li><a href=\"https:\/\/utulek.ostrava.cz\/index.php\/vychov-psa\/\">V\u00fdcvik psa<\/a><\/li><\/ul>\n","protected":false},"excerpt":{"rendered":"<p>Rady pro z\u00e1jemce \u010cipov\u00e1n\u00ed P\u00e9\u010de o psa V\u00fdcvik psa<\/p>\n","protected":false},"author":2,"featured_media":0,"parent":0,"menu_order":0,"comment_status":"closed","ping_status":"closed","template":"","meta":{"_acf_changed":false,"footnotes":""},"class_list":["post-1015","page","type-page","status-publish","hentry"],"acf":[],"_links":{"self":[{"href":"https:\/\/utulek.ostrava.cz\/index.php\/wp-json\/wp\/v2\/pages\/1015","targetHints":{"allow":["GET"]}}],"collection":[{"href":"https:\/\/utulek.ostrava.cz\/index.php\/wp-json\/wp\/v2\/pages"}],"about":[{"href":"https:\/\/utulek.ostrava.cz\/index.php\/wp-json\/wp\/v2\/types\/page"}],"author":[{"embeddable":true,"href":"https:\/\/utulek.ostrava.cz\/index.php\/wp-json\/wp\/v2\/users\/2"}],"replies":[{"embeddable":true,"href":"https:\/\/utulek.ostrava.cz\/index.php\/wp-json\/wp\/v2\/comments?post=1015"}],"version-history":[{"count":3,"href":"https:\/\/utulek.ostrava.cz\/index.php\/wp-json\/wp\/v2\/pages\/1015\/revisions"}],"predecessor-version":[{"id":1057,"href":"https:\/\/utulek.ostrava.cz\/index.php\/wp-json\/wp\/v2\/pages\/1015\/revisions\/1057"}],"wp:attachment":[{"href":"https:\/\/utulek.ostrava.cz\/index.php\/wp-json\/wp\/v2\/media?parent=1015"}],"curies":[{"name":"wp","href":"https:\/\/api.w.org\/{rel}","templated":true}]}}