{"id":1018,"date":"2020-02-27T12:50:40","date_gmt":"2020-02-27T11:50:40","guid":{"rendered":"https:\/\/utulek.ostrava.cz\/\/?page_id=1018"},"modified":"2024-05-15T09:31:07","modified_gmt":"2024-05-15T07:31:07","slug":"podekovani","status":"publish","type":"page","link":"https:\/\/utulek.ostrava.cz\/index.php\/podekovani\/","title":{"rendered":"Pod\u011bkov\u00e1n\u00ed"},"content":{"rendered":"\n<p><strong>Pod\u00edvejte se na jednotliv\u00e9 kategorie:<\/strong><\/p>\n\n\n\n<ul class=\"wp-block-list\">\n<li>sb\u00edrka<\/li>\n\n\n\n<li>sponzor\u016fm<\/li>\n\n\n\n<li>d\u00e1rc\u016fm <\/li>\n<\/ul>\n","protected":false},"excerpt":{"rendered":"<p>Pod\u00edvejte se na jednotliv\u00e9 kategorie:<\/p>\n","protected":false},"author":2,"featured_media":0,"parent":0,"menu_order":0,"comment_status":"closed","ping_status":"closed","template":"","meta":{"_acf_changed":false,"footnotes":""},"class_list":["post-1018","page","type-page","status-publish","hentry"],"acf":[],"_links":{"self":[{"href":"https:\/\/utulek.ostrava.cz\/index.php\/wp-json\/wp\/v2\/pages\/1018","targetHints":{"allow":["GET"]}}],"collection":[{"href":"https:\/\/utulek.ostrava.cz\/index.php\/wp-json\/wp\/v2\/pages"}],"about":[{"href":"https:\/\/utulek.ostrava.cz\/index.php\/wp-json\/wp\/v2\/types\/page"}],"author":[{"embeddable":true,"href":"https:\/\/utulek.ostrava.cz\/index.php\/wp-json\/wp\/v2\/users\/2"}],"replies":[{"embeddable":true,"href":"https:\/\/utulek.ostrava.cz\/index.php\/wp-json\/wp\/v2\/comments?post=1018"}],"version-history":[{"count":11,"href":"https:\/\/utulek.ostrava.cz\/index.php\/wp-json\/wp\/v2\/pages\/1018\/revisions"}],"predecessor-version":[{"id":5850,"href":"https:\/\/utulek.ostrava.cz\/index.php\/wp-json\/wp\/v2\/pages\/1018\/revisions\/5850"}],"wp:attachment":[{"href":"https:\/\/utulek.ostrava.cz\/index.php\/wp-json\/wp\/v2\/media?parent=1018"}],"curies":[{"name":"wp","href":"https:\/\/api.w.org\/{rel}","templated":true}]}}