{"id":103,"date":"2020-02-18T13:26:19","date_gmt":"2020-02-18T12:26:19","guid":{"rendered":"https:\/\/utulek.ostrava.cz\/\/?page_id=103"},"modified":"2020-03-04T14:29:52","modified_gmt":"2020-03-04T13:29:52","slug":"pece-o-psa","status":"publish","type":"page","link":"https:\/\/utulek.ostrava.cz\/index.php\/pece-o-psa\/","title":{"rendered":"P\u00e9\u010de o psa"},"content":{"rendered":"\n<h3 class=\"wp-block-heading\">Koup\u00e1n\u00ed <\/h3>\n\n\n\n<p>Psi se nepot\u0159ebuj\u00ed koupat tak pravideln\u011b, jako lid\u00e9. \u010cast\u00e9 myt\u00ed naopak m\u016f\u017ee p\u0159ivodit n\u011bkter\u00e1 ko\u017en\u00ed onemocn\u011bn\u00ed. D\u016fsledkem m\u016f\u017ee b\u00fdt p\u0159\u00edli\u0161 such\u00e1 \u010di naru\u0161en\u00e1 srst nebo poko\u017eka. Koupejte tedy tak m\u00e1lo, jak je to jen mo\u017en\u00e9. Pokud psa koupete, pou\u017e\u00edvejte v\u00fdhradn\u011b ps\u00edch \u0161amp\u00f3n\u016f, p\u0159\u00edpadn\u011b d\u011btsk\u00fd \u0161ampon. <\/p>\n\n\n\n<h3 class=\"wp-block-heading\">Krmen\u00ed <\/h3>\n\n\n\n<p>Krmen\u00ed ps\u016f nen\u00ed n\u00e1ro\u010dn\u00e9. V\u017edy se v\u0161ak chovatele zeptejte, na jakou stravu je pes zvykl\u00fd, proto\u017ee je \u017e\u00e1douc\u00ed pokra\u010dovat ve stejn\u00e9m typu stravy. Pokud ale chcete stravu zm\u011bnit, v\u017edy mus\u00ed tato zm\u011bna prob\u00edhat pozvolna. <\/p>\n\n\n\n<h3 class=\"wp-block-heading\">P\u00e9\u010de o srst <\/h3>\n\n\n\n<p>Srst \u010de\u0161te a kart\u00e1\u010dujte v\u017edy dle druhu srsti a pot\u0159eb dan\u00e9ho jedince. Ka\u017ed\u00e9ho psa je t\u0159eba \u010des\u00e1n\u00ed a kart\u00e1\u010dov\u00e1n\u00ed navyknout. <\/p>\n\n\n\n<h3 class=\"wp-block-heading\">Dr\u00e1py <\/h3>\n\n\n\n<p>\u00daprava dr\u00e1p\u016f nen\u00ed ps\u016fm zcela p\u0159\u00edjemn\u00e1. Pokud tuto proceduru nezvl\u00e1d\u00e1te, obra\u0165te se s d\u016fv\u011brou na sv\u00e9ho veterin\u00e1rn\u00edho l\u00e9ka\u0159e. Ps\u016fm by v\u0161ak m\u011bly b\u00fdt dr\u00e1pky rozhodn\u011b zast\u0159ih\u00e1v\u00e1ny! <\/p>\n\n\n\n<h3 class=\"wp-block-heading\">O\u010di <\/h3>\n\n\n\n<p>M\u00e1-li pes z\u00e1n\u011bt v o\u010d\u00edch, obra\u0165te se na sv\u00e9ho veterin\u00e1rn\u00edho l\u00e9ka\u0159e. <\/p>\n","protected":false},"excerpt":{"rendered":"<p>Koup\u00e1n\u00ed Psi se nepot\u0159ebuj\u00ed koupat tak pravideln\u011b, jako lid\u00e9. \u010cast\u00e9 myt\u00ed naopak m\u016f\u017ee p\u0159ivodit n\u011bkter\u00e1 ko\u017en\u00ed onemocn\u011bn\u00ed. D\u016fsledkem m\u016f\u017ee b\u00fdt p\u0159\u00edli\u0161 such\u00e1 \u010di naru\u0161en\u00e1 srst [&hellip;]<\/p>\n","protected":false},"author":3,"featured_media":0,"parent":0,"menu_order":0,"comment_status":"closed","ping_status":"closed","template":"","meta":{"_acf_changed":false,"footnotes":""},"class_list":["post-103","page","type-page","status-publish","hentry"],"acf":[],"_links":{"self":[{"href":"https:\/\/utulek.ostrava.cz\/index.php\/wp-json\/wp\/v2\/pages\/103","targetHints":{"allow":["GET"]}}],"collection":[{"href":"https:\/\/utulek.ostrava.cz\/index.php\/wp-json\/wp\/v2\/pages"}],"about":[{"href":"https:\/\/utulek.ostrava.cz\/index.php\/wp-json\/wp\/v2\/types\/page"}],"author":[{"embeddable":true,"href":"https:\/\/utulek.ostrava.cz\/index.php\/wp-json\/wp\/v2\/users\/3"}],"replies":[{"embeddable":true,"href":"https:\/\/utulek.ostrava.cz\/index.php\/wp-json\/wp\/v2\/comments?post=103"}],"version-history":[{"count":3,"href":"https:\/\/utulek.ostrava.cz\/index.php\/wp-json\/wp\/v2\/pages\/103\/revisions"}],"predecessor-version":[{"id":1009,"href":"https:\/\/utulek.ostrava.cz\/index.php\/wp-json\/wp\/v2\/pages\/103\/revisions\/1009"}],"wp:attachment":[{"href":"https:\/\/utulek.ostrava.cz\/index.php\/wp-json\/wp\/v2\/media?parent=103"}],"curies":[{"name":"wp","href":"https:\/\/api.w.org\/{rel}","templated":true}]}}