{"id":1052,"date":"2020-03-04T14:29:20","date_gmt":"2020-03-04T13:29:20","guid":{"rendered":"https:\/\/utulek.ostrava.cz\/\/?page_id=1052"},"modified":"2020-03-04T14:29:20","modified_gmt":"2020-03-04T13:29:20","slug":"cipovani","status":"publish","type":"page","link":"https:\/\/utulek.ostrava.cz\/index.php\/cipovani\/","title":{"rendered":"\u010cipov\u00e1n\u00ed"},"content":{"rendered":"","protected":false},"excerpt":{"rendered":"","protected":false},"author":3,"featured_media":0,"parent":0,"menu_order":0,"comment_status":"closed","ping_status":"closed","template":"","meta":{"_acf_changed":false,"footnotes":""},"class_list":["post-1052","page","type-page","status-publish","hentry"],"acf":[],"_links":{"self":[{"href":"https:\/\/utulek.ostrava.cz\/index.php\/wp-json\/wp\/v2\/pages\/1052","targetHints":{"allow":["GET"]}}],"collection":[{"href":"https:\/\/utulek.ostrava.cz\/index.php\/wp-json\/wp\/v2\/pages"}],"about":[{"href":"https:\/\/utulek.ostrava.cz\/index.php\/wp-json\/wp\/v2\/types\/page"}],"author":[{"embeddable":true,"href":"https:\/\/utulek.ostrava.cz\/index.php\/wp-json\/wp\/v2\/users\/3"}],"replies":[{"embeddable":true,"href":"https:\/\/utulek.ostrava.cz\/index.php\/wp-json\/wp\/v2\/comments?post=1052"}],"version-history":[{"count":2,"href":"https:\/\/utulek.ostrava.cz\/index.php\/wp-json\/wp\/v2\/pages\/1052\/revisions"}],"predecessor-version":[{"id":1054,"href":"https:\/\/utulek.ostrava.cz\/index.php\/wp-json\/wp\/v2\/pages\/1052\/revisions\/1054"}],"wp:attachment":[{"href":"https:\/\/utulek.ostrava.cz\/index.php\/wp-json\/wp\/v2\/media?parent=1052"}],"curies":[{"name":"wp","href":"https:\/\/api.w.org\/{rel}","templated":true}]}}