{"id":107,"date":"2020-02-18T13:27:07","date_gmt":"2020-02-18T12:27:07","guid":{"rendered":"https:\/\/utulek.ostrava.cz\/\/?page_id=107"},"modified":"2020-03-04T14:27:45","modified_gmt":"2020-03-04T13:27:45","slug":"rady-pro-zajemce","status":"publish","type":"page","link":"https:\/\/utulek.ostrava.cz\/index.php\/rady-pro-zajemce\/","title":{"rendered":"Rady pro z\u00e1jemce"},"content":{"rendered":"\n<p>Ne\u017e se definitivn\u011b rozhodnete opat\u0159it si psa, mus\u00edte v\u0161e dob\u0159e zv\u00e1\u017eit. Nikdy nesm\u00edte zapomenout, \u017ee nevhodn\u011b zvolen\u00fd pes m\u016f\u017ee b\u00fdt pro va\u0161i rodinu skute\u010dn\u00fdm ne\u0161t\u011bst\u00edm. Lid\u00e9 toti\u017e \u010dasto nemaj\u00ed pon\u011bt\u00ed o p\u0159irozen\u00e9m chov\u00e1n\u00ed a vlastnostech ps\u016f. A nav\u00edc ani nev\u011bd\u00ed, co takov\u00e9 sou\u017eit\u00ed \u010dlov\u011bka se psem obn\u00e1\u0161\u00ed. Pes pak draze zaplat\u00ed za jejich chyby! Tis\u00edce pejsk\u016f kv\u016fli nezodpov\u011bdn\u00e9mu p\u0159\u00edstupu jejich majitel\u016f ka\u017edoro\u010dn\u011b skon\u010d\u00ed na ulic\u00edch. <\/p>\n\n\n\n<p>Jestli\u017ee si psa vyberete s rozmyslem a budete se sna\u017eit pochopit a respektovat jeho p\u0159irozenost, sou\u017eit\u00ed s n\u00edm nebude p\u016fsobit \u017e\u00e1dn\u00e9 v\u011bt\u0161\u00ed pot\u00ed\u017ee. Pes v\u00e1m poskytne mnoho radosti, ale to nejcenn\u011bj\u0161\u00ed, co v\u00e1m d\u00e1, je vztah. Vztah by m\u011bl b\u00fdt ov\u0161em oboustrann\u00fd! Pes ke sv\u00e9mu majiteli c\u00edt\u00ed bezpodm\u00edne\u010dnou, bezv\u00fdhradn\u00ed l\u00e1sku a oddanost. Nedok\u00e1\u017eeme-li c\u00edtit tot\u00e9\u017e, m\u011bli bychom se tedy sna\u017eit m\u00edt aspo\u0148 zodpov\u011bdn\u00fd p\u0159\u00edstup. <\/p>\n\n\n\n<h3 class=\"wp-block-heading\">P\u0159ed t\u00edm ne\u017e se rozhodnete pomoci, po\u010d\u00edtejte s t\u00edm \u017ee: <\/h3>\n\n\n\n<ul class=\"wp-block-list\"><li>pes z \u00fatulku m\u016f\u017ee m\u00edt ur\u010dit\u00e9 zlozvyky, kter\u00e9 se u n\u011bj nepoda\u0159ilo odhalit, av\u0161ak spr\u00e1vnou a trp\u011blivou v\u00fdchovou se v\u011bt\u0161ina z nich d\u00e1 potla\u010dit;<\/li><li>pes nebude poslouchat ihned po p\u0159evzet\u00ed; je nutn\u00e9 jej vychov\u00e1vat, m\u00edt s n\u00edm trp\u011blivost a usnadnit mu p\u0159ekon\u00e1n\u00ed ned\u016fv\u011bry z nov\u00e9ho prost\u0159ed\u00ed;<\/li><li>neo\u010dek\u00e1vejte, \u017ee psi nebo i jin\u00e1 zv\u00ed\u0159ata (ko\u010dky, papou\u0161ek, kr\u00e1l\u00edk&#8230;.), kter\u00e9 ji\u017e mo\u017en\u00e1 m\u00e1te doma, p\u0159ijmou nov\u00e9ho spole\u010dn\u00edka okam\u017eit\u011b za sv\u00e9ho; zprvu jej budou br\u00e1t jako vet\u0159elce &#8211; chce to \u010das a v\u00fdchovn\u00fd z\u00e1sah majitele;<\/li><li>p\u0159esto\u017ee je pes v \u00fatulku n\u011bkolikr\u00e1t vy\u0161et\u0159en veterin\u00e1rn\u00edm l\u00e9ka\u0159em, mohou se u n\u011bj po p\u0159evzet\u00ed objevit zdravotn\u00ed pot\u00ed\u017ee, nap\u0159\u00edklad pr\u016fjem v d\u016fsledku stresu z nov\u00e9ho prost\u0159ed\u00ed nebo n\u00e1hl\u00e9 zm\u011bny stravy; ka\u0161el nebo ch\u0159ipka maj\u00ed stejn\u011b jako u lid\u00ed ur\u010ditou inkuba\u010dn\u00ed dobu, a tak se mohou projevit pozd\u011bji;<\/li><li>v prvn\u00edch dnech mus\u00edte m\u00edt psa neust\u00e1le na vod\u00edtku, abyste p\u0159ede\u0161li jeho \u00fat\u011bku; <\/li><\/ul>\n\n\n\n<h3 class=\"wp-block-heading\">D\u0159\u00edve ne\u017e si vyberete pejska, zodpov\u011bzte si n\u00e1sleduj\u00edc\u00ed ot\u00e1zky <\/h3>\n\n\n\n<ul class=\"wp-block-list\"><li>Souhlas\u00ed s po\u0159\u00edzen\u00edm psa cel\u00e1 rodina?<\/li><li>Budete schopni a hlavn\u011b ochotni ven\u010dit pejska minim\u00e1ln\u011b 3 x denn\u011b a tr\u00e1vit s n\u00edm alespo\u0148 1-2 hodiny na proch\u00e1zk\u00e1ch se sv\u00fdm psem?<\/li><li>Jste ochotni p\u0159izp\u016fsobit sv\u00e9 pr\u00e1zdninov\u00e9 pl\u00e1ny tak, aby pes mohl jet s v\u00e1mi? Pop\u0159\u00edpad\u011b &#8211; m\u00e1te p\u0159\u00edbuzn\u00e9, \u010di jste schopni zajistit ps\u00ed hotel, kde se v\u00e1m o psa postaraj\u00ed? Pes je tak\u00e9 \u010dlen rodiny.<\/li><li>Jste si jisti, \u017ee Vy i va\u0161i bl\u00edzc\u00ed jsou p\u0159ipraveni na situace, kdy pes m\u016f\u017ee cokoli zni\u010dit, zne\u010distit, rozkousat? Pamatujte tak\u00e9 na to, \u017ee ka\u017ed\u00fd pes l\u00edn\u00e1 \u010d\u00edm\u017e pou\u0161t\u00ed chlupy a po va\u0161em odchodu z domu \u010di bytu m\u016f\u017ee n\u00e1sledovat vyt\u00ed \u010di \u0161t\u011bkot, kter\u00fd obt\u011b\u017euje okol\u00ed.<\/li><li>Ps\u00ed krmen\u00ed a veterin\u00e1\u0159 n\u011bco stoj\u00ed. Po\u010d\u00edt\u00e1te s t\u00edm?<\/li><li>M\u00e1te finan\u010dn\u00ed rezervy, kter\u00e9 v\u00e1m umo\u017en\u00ed poskytnout psovi v p\u0159\u00edpad\u011b v\u00e1\u017en\u011bj\u0161\u00edho onemocn\u011bn\u00ed odpov\u00eddaj\u00edc\u00ed l\u00e9\u010dbu?<\/li><li>Je bezprost\u0159edn\u011b ve va\u0161em okol\u00ed dostatek voln\u00fdch ploch vhodn\u00fdch k ven\u010den\u00ed? <\/li><\/ul>\n\n\n\n<p><em>Jestli jste odpov\u011bd\u011bli na v\u0161echny ot\u00e1zky, nebo alespo\u0148 na naprostou v\u011bt\u0161inu z nich kladn\u011b, m\u016f\u017eete si bez obav pejska po\u0159\u00eddit. Pokud tomu ale tak nebylo, rad\u011bji si v\u0161e je\u0161t\u011b jednou po\u0159\u00e1dn\u011b promyslete. Jestli\u017ee si nejste jisti, \u017ee by v\u00e1m va\u0161e pracovn\u00ed vyt\u00ed\u017een\u00ed nebo moment\u00e1ln\u00ed finan\u010dn\u00ed situace dovolila odpov\u00eddaj\u00edc\u00edm zp\u016fsobem se o psa postarat, rad\u011bji se pot\u011b\u0161en\u00ed z n\u011bho prozat\u00edm vzdejte. Psy m\u016f\u017eete milovat, ani\u017e byste se stali jejich vlastn\u00edky. Pr\u00e1v\u011b rozumn\u00fdm p\u0159\u00edstupem nejv\u00edce prok\u00e1\u017eete, \u017ee to s nimi mysl\u00edte dob\u0159e.<\/em> <\/p>\n","protected":false},"excerpt":{"rendered":"<p>Ne\u017e se definitivn\u011b rozhodnete opat\u0159it si psa, mus\u00edte v\u0161e dob\u0159e zv\u00e1\u017eit. Nikdy nesm\u00edte zapomenout, \u017ee nevhodn\u011b zvolen\u00fd pes m\u016f\u017ee b\u00fdt pro va\u0161i rodinu skute\u010dn\u00fdm ne\u0161t\u011bst\u00edm. [&hellip;]<\/p>\n","protected":false},"author":3,"featured_media":0,"parent":0,"menu_order":0,"comment_status":"closed","ping_status":"closed","template":"","meta":{"_acf_changed":false,"footnotes":""},"class_list":["post-107","page","type-page","status-publish","hentry"],"acf":[],"_links":{"self":[{"href":"https:\/\/utulek.ostrava.cz\/index.php\/wp-json\/wp\/v2\/pages\/107","targetHints":{"allow":["GET"]}}],"collection":[{"href":"https:\/\/utulek.ostrava.cz\/index.php\/wp-json\/wp\/v2\/pages"}],"about":[{"href":"https:\/\/utulek.ostrava.cz\/index.php\/wp-json\/wp\/v2\/types\/page"}],"author":[{"embeddable":true,"href":"https:\/\/utulek.ostrava.cz\/index.php\/wp-json\/wp\/v2\/users\/3"}],"replies":[{"embeddable":true,"href":"https:\/\/utulek.ostrava.cz\/index.php\/wp-json\/wp\/v2\/comments?post=107"}],"version-history":[{"count":3,"href":"https:\/\/utulek.ostrava.cz\/index.php\/wp-json\/wp\/v2\/pages\/107\/revisions"}],"predecessor-version":[{"id":1049,"href":"https:\/\/utulek.ostrava.cz\/index.php\/wp-json\/wp\/v2\/pages\/107\/revisions\/1049"}],"wp:attachment":[{"href":"https:\/\/utulek.ostrava.cz\/index.php\/wp-json\/wp\/v2\/media?parent=107"}],"curies":[{"name":"wp","href":"https:\/\/api.w.org\/{rel}","templated":true}]}}