{"id":258,"date":"2020-02-19T08:26:09","date_gmt":"2020-02-19T07:26:09","guid":{"rendered":"https:\/\/utulek.ostrava.cz\/\/?page_id=258"},"modified":"2020-10-05T12:59:30","modified_gmt":"2020-10-05T10:59:30","slug":"u-opatrovnika","status":"publish","type":"page","link":"https:\/\/utulek.ostrava.cz\/index.php\/u-opatrovnika\/","title":{"rendered":"U opatrovn\u00edka"},"content":{"rendered":"\n<p>Zde naleznete pejsky, kte\u0159\u00ed byli v \u00fatulku um\u00edst\u011bni a m\u011bli to \u0161t\u011bst\u00ed, \u017ee ji\u017e na\u0161li nov\u00fd domov. Nyn\u00ed jsou je\u0161t\u011b v ochrann\u00e9 lh\u016ft\u011b, kdy m\u00e1 majitel pr\u00e1vo \u017e\u00e1dat o vr\u00e1cen\u00ed pejska zp\u011bt do sv\u00e9 p\u00e9\u010de (po dolo\u017een\u00ed podklad\u016f k vlastnictv\u00ed psa), pokud se o n\u011bj p\u0159ihl\u00e1s\u00ed a uhrad\u00ed ve\u0161ker\u00e9 n\u00e1klady spojen\u00e9 s um\u00edst\u011bn\u00edm a p\u00e9\u010d\u00ed jak v \u00fatulku, tak i u opatrovn\u00edka. V p\u0159\u00edpad\u011b, \u017ee se zde pejsek, kter\u00fd na\u0161el novou rodinu nezobrazuje, znamen\u00e1 to, \u017ee ochrann\u00e1 lh\u016fta ji\u017e pominula a pejsek m\u00e1 z opatrovn\u00edka sv\u00e9ho nov\u00e9ho majitele.<\/p>\n","protected":false},"excerpt":{"rendered":"<p>Zde naleznete pejsky, kte\u0159\u00ed byli v \u00fatulku um\u00edst\u011bni a m\u011bli to \u0161t\u011bst\u00ed, \u017ee ji\u017e na\u0161li nov\u00fd domov. Nyn\u00ed jsou je\u0161t\u011b v ochrann\u00e9 lh\u016ft\u011b, kdy m\u00e1 [&hellip;]<\/p>\n","protected":false},"author":2,"featured_media":0,"parent":0,"menu_order":0,"comment_status":"closed","ping_status":"closed","template":"page-u-opatrovnika.php","meta":{"_acf_changed":false,"footnotes":""},"class_list":["post-258","page","type-page","status-publish","hentry"],"acf":[],"_links":{"self":[{"href":"https:\/\/utulek.ostrava.cz\/index.php\/wp-json\/wp\/v2\/pages\/258","targetHints":{"allow":["GET"]}}],"collection":[{"href":"https:\/\/utulek.ostrava.cz\/index.php\/wp-json\/wp\/v2\/pages"}],"about":[{"href":"https:\/\/utulek.ostrava.cz\/index.php\/wp-json\/wp\/v2\/types\/page"}],"author":[{"embeddable":true,"href":"https:\/\/utulek.ostrava.cz\/index.php\/wp-json\/wp\/v2\/users\/2"}],"replies":[{"embeddable":true,"href":"https:\/\/utulek.ostrava.cz\/index.php\/wp-json\/wp\/v2\/comments?post=258"}],"version-history":[{"count":3,"href":"https:\/\/utulek.ostrava.cz\/index.php\/wp-json\/wp\/v2\/pages\/258\/revisions"}],"predecessor-version":[{"id":1818,"href":"https:\/\/utulek.ostrava.cz\/index.php\/wp-json\/wp\/v2\/pages\/258\/revisions\/1818"}],"wp:attachment":[{"href":"https:\/\/utulek.ostrava.cz\/index.php\/wp-json\/wp\/v2\/media?parent=258"}],"curies":[{"name":"wp","href":"https:\/\/api.w.org\/{rel}","templated":true}]}}