{"id":260,"date":"2020-02-19T08:26:29","date_gmt":"2020-02-19T07:26:29","guid":{"rendered":"https:\/\/utulek.ostrava.cz\/\/?page_id=260"},"modified":"2020-03-09T13:34:27","modified_gmt":"2020-03-09T12:34:27","slug":"ztratil-se-vam","status":"publish","type":"page","link":"https:\/\/utulek.ostrava.cz\/index.php\/ztratil-se-vam\/","title":{"rendered":"Ztratil se V\u00e1m"},"content":{"rendered":"\n<p>Do t\u00e9to sekce m\u016f\u017eete sami vkl\u00e1dat \u00fadaje o zv\u00ed\u0159eti, kter\u00e9 se v\u00e1m ztratilo \u010di zab\u011bhlo spolu s fotografi\u00ed.&nbsp;Odesl\u00e1n\u00edm informac\u00ed o ztracen\u00e9m zv\u00ed\u0159eti a sv\u00fdch osobn\u00edch \u00fadaj\u016f d\u00e1v\u00e1te souhlas ke zpracov\u00e1n\u00ed t\u011bchto \u00fadaj\u016f pro pot\u0159ebu evidence ztr\u00e1ty zv\u00ed\u0159ete po dobu dvou t\u00fddn\u016f. Pot\u00e9 budou v\u0161echna data automaticky vymaz\u00e1na.&nbsp;Odeslan\u00e9 informace t\u00fdkaj\u00edc\u00ed se ztr\u00e1ty zv\u00ed\u0159ete ov\u011b\u0159\u00ed zam\u011bstnanec \u00fatulku, kter\u00fd potvrd\u00ed publikaci ztr\u00e1ty na webov\u00fdch str\u00e1nk\u00e1ch a t\u00edm ji zp\u0159\u00edstupn\u00ed ve\u0159ejnosti. Zve\u0159ejn\u011bn bude pouze v\u00e1\u0161 telefonn\u00ed kontakt a \u00fadaje o zv\u00ed\u0159eti.<\/p>\n","protected":false},"excerpt":{"rendered":"<p>Do t\u00e9to sekce m\u016f\u017eete sami vkl\u00e1dat \u00fadaje o zv\u00ed\u0159eti, kter\u00e9 se v\u00e1m ztratilo \u010di zab\u011bhlo spolu s fotografi\u00ed.&nbsp;Odesl\u00e1n\u00edm informac\u00ed o ztracen\u00e9m zv\u00ed\u0159eti a sv\u00fdch osobn\u00edch [&hellip;]<\/p>\n","protected":false},"author":2,"featured_media":0,"parent":0,"menu_order":0,"comment_status":"closed","ping_status":"closed","template":"page-ztratil-se.php","meta":{"_acf_changed":false,"footnotes":""},"class_list":["post-260","page","type-page","status-publish","hentry"],"acf":[],"_links":{"self":[{"href":"https:\/\/utulek.ostrava.cz\/index.php\/wp-json\/wp\/v2\/pages\/260","targetHints":{"allow":["GET"]}}],"collection":[{"href":"https:\/\/utulek.ostrava.cz\/index.php\/wp-json\/wp\/v2\/pages"}],"about":[{"href":"https:\/\/utulek.ostrava.cz\/index.php\/wp-json\/wp\/v2\/types\/page"}],"author":[{"embeddable":true,"href":"https:\/\/utulek.ostrava.cz\/index.php\/wp-json\/wp\/v2\/users\/2"}],"replies":[{"embeddable":true,"href":"https:\/\/utulek.ostrava.cz\/index.php\/wp-json\/wp\/v2\/comments?post=260"}],"version-history":[{"count":7,"href":"https:\/\/utulek.ostrava.cz\/index.php\/wp-json\/wp\/v2\/pages\/260\/revisions"}],"predecessor-version":[{"id":1080,"href":"https:\/\/utulek.ostrava.cz\/index.php\/wp-json\/wp\/v2\/pages\/260\/revisions\/1080"}],"wp:attachment":[{"href":"https:\/\/utulek.ostrava.cz\/index.php\/wp-json\/wp\/v2\/media?parent=260"}],"curies":[{"name":"wp","href":"https:\/\/api.w.org\/{rel}","templated":true}]}}