{"id":5858,"date":"2024-05-16T10:14:14","date_gmt":"2024-05-16T08:14:14","guid":{"rendered":"https:\/\/utulek.ostrava.cz\/?page_id=5858"},"modified":"2024-05-16T10:51:50","modified_gmt":"2024-05-16T08:51:50","slug":"sbirka","status":"publish","type":"page","link":"https:\/\/utulek.ostrava.cz\/index.php\/sbirka\/","title":{"rendered":"Sb\u00edrka"},"content":{"rendered":"\n<p><strong>Kon\u00e1n\u00ed sb\u00edrky je od 1. 10. 2017, na dobu neur\u010ditou.<\/strong>\u00a0<strong>Pro pot\u0159eby sb\u00edrky je z\u0159\u00edzen zvl\u00e1\u0161tn\u00ed bankovn\u00ed\u00a0\u00fa\u010det \u010d.:<\/strong>  <strong>110189 \u2013 1649297309\/0800<\/strong><\/p>\n\n\n\n<p>Tento bankovn\u00ed \u00fa\u010det slou\u017e\u00ed pouze pro p\u0159\u00edjem finan\u010dn\u00edch prost\u0159edk\u016f poskytnut\u00fdch jednotliv\u00fdmi d\u00e1rci v r\u00e1mci kon\u00e1n\u00ed ve\u0159ejn\u00e9 sb\u00edrky.<\/p>\n\n\n\n<p>Z\u00e1jemci mohou tak\u00e9 vyu\u017e\u00edt rychlou volbu finan\u010dn\u00edho p\u0159\u00edsp\u011bvku pejsk\u016fm pomoc\u00ed QR platby, kde je mo\u017en\u00e9, si po na\u010dten\u00ed jak\u00e9hokoli z uveden\u00fdch QR k\u00f3d\u016f p\u0159izp\u016fsobit darovanou finan\u010dn\u00ed \u010d\u00e1stku.<\/p>\n\n\n\n<figure class=\"wp-block-gallery has-nested-images columns-default is-cropped wp-block-gallery-1 is-layout-flex wp-block-gallery-is-layout-flex\">\n<figure class=\"wp-block-image size-large\"><img loading=\"lazy\" decoding=\"async\" width=\"978\" height=\"765\" data-id=\"5867\" src=\"https:\/\/utulek.ostrava.cz\/wp-content\/uploads\/2024\/05\/QR-platby-obrazek-1.jpg\" alt=\"\" class=\"wp-image-5867\" srcset=\"https:\/\/utulek.ostrava.cz\/wp-content\/uploads\/2024\/05\/QR-platby-obrazek-1.jpg 978w, https:\/\/utulek.ostrava.cz\/wp-content\/uploads\/2024\/05\/QR-platby-obrazek-1-300x235.jpg 300w, https:\/\/utulek.ostrava.cz\/wp-content\/uploads\/2024\/05\/QR-platby-obrazek-1-768x601.jpg 768w\" sizes=\"auto, (max-width: 978px) 100vw, 978px\" \/><\/figure>\n<\/figure>\n","protected":false},"excerpt":{"rendered":"<p>Kon\u00e1n\u00ed sb\u00edrky je od 1. 10. 2017, na dobu neur\u010ditou.\u00a0Pro pot\u0159eby sb\u00edrky je z\u0159\u00edzen zvl\u00e1\u0161tn\u00ed bankovn\u00ed\u00a0\u00fa\u010det \u010d.: 110189 \u2013 1649297309\/0800 Tento bankovn\u00ed \u00fa\u010det slou\u017e\u00ed pouze [&hellip;]<\/p>\n","protected":false},"author":1,"featured_media":0,"parent":0,"menu_order":0,"comment_status":"closed","ping_status":"closed","template":"","meta":{"_acf_changed":false,"footnotes":""},"class_list":["post-5858","page","type-page","status-publish","hentry"],"acf":[],"_links":{"self":[{"href":"https:\/\/utulek.ostrava.cz\/index.php\/wp-json\/wp\/v2\/pages\/5858","targetHints":{"allow":["GET"]}}],"collection":[{"href":"https:\/\/utulek.ostrava.cz\/index.php\/wp-json\/wp\/v2\/pages"}],"about":[{"href":"https:\/\/utulek.ostrava.cz\/index.php\/wp-json\/wp\/v2\/types\/page"}],"author":[{"embeddable":true,"href":"https:\/\/utulek.ostrava.cz\/index.php\/wp-json\/wp\/v2\/users\/1"}],"replies":[{"embeddable":true,"href":"https:\/\/utulek.ostrava.cz\/index.php\/wp-json\/wp\/v2\/comments?post=5858"}],"version-history":[{"count":9,"href":"https:\/\/utulek.ostrava.cz\/index.php\/wp-json\/wp\/v2\/pages\/5858\/revisions"}],"predecessor-version":[{"id":5873,"href":"https:\/\/utulek.ostrava.cz\/index.php\/wp-json\/wp\/v2\/pages\/5858\/revisions\/5873"}],"wp:attachment":[{"href":"https:\/\/utulek.ostrava.cz\/index.php\/wp-json\/wp\/v2\/media?parent=5858"}],"curies":[{"name":"wp","href":"https:\/\/api.w.org\/{rel}","templated":true}]}}