{"id":80,"date":"2020-02-18T13:15:29","date_gmt":"2020-02-18T12:15:29","guid":{"rendered":"https:\/\/utulek.ostrava.cz\/\/?page_id=80"},"modified":"2023-03-09T17:22:43","modified_gmt":"2023-03-09T16:22:43","slug":"dokumenty","status":"publish","type":"page","link":"https:\/\/utulek.ostrava.cz\/index.php\/dokumenty\/","title":{"rendered":"Dokumenty"},"content":{"rendered":"\n<h3 class=\"wp-block-heading\"> St\u00e1hn\u011bte si vzory smluv. <\/h3>\n\n\n\n<ul class=\"wp-block-list\">\n<li> <strong><a href=\"https:\/\/utulek.ostrava.cz\/\/wp-content\/uploads\/2020\/02\/smlouva_o_opatrovnictvi_psa.doc\">Vzor smlouvy o opatrovnictv\u00ed psa<\/a><\/strong>&nbsp;&#8211; vzor smlouvy, kter\u00e1 zaji\u0161\u0165uje do doby vyjasn\u011bn\u00ed vlastnick\u00fdch vztah\u016f ke psu \u017eivot v \u0159\u00e1dn\u00fdch podm\u00ednk\u00e1ch odpov\u00eddaj\u00edc\u00edch jeho pot\u0159eb\u00e1m a pr\u00e1vn\u00edm p\u0159edpis\u016fm, a to cestou jeho sv\u011b\u0159en\u00ed na uvedenou dobu do opatrov\u00e1n\u00ed opatrovateli psa.<\/li>\n\n\n\n<li> <strong><a href=\"https:\/\/utulek.ostrava.cz\/\/wp-content\/uploads\/2020\/02\/darovaci_smlouva.doc\">Vzor darovac\u00ed smlouvy<\/a><\/strong>&nbsp;&#8211; vzor darovac\u00ed smlouvy bezplatn\u00e9ho p\u0159evod vlastnick\u00e9ho pr\u00e1va ke psu. <\/li>\n<\/ul>\n\n\n\n<h3 class=\"wp-block-heading\"> <strong>Ostatn\u00ed dokumenty<\/strong> <\/h3>\n\n\n\n<ul class=\"wp-block-list\">\n<li> <a href=\"https:\/\/utulek.ostrava.cz\/wp-content\/uploads\/2023\/03\/Metodicky-pokyn_nalezeni-psi.pdf\">Metodick\u00fd pokyn &#8211; nalezen\u00ed psi<\/a> &#8211; spole\u010dn\u00fd metodick\u00fd pokyn odboru ochrany \u017eivotn\u00edho prost\u0159ed\u00ed a odboru vnit\u0159n\u00edch v\u011bc\u00ed Magistr\u00e1tu m\u011bsta Ostravy ve v\u011bci nalezen\u00fdch a odevzdan\u00fdch ps\u016f na m\u011bstsk\u00e9 obvody<\/li>\n\n\n\n<li> <a href=\"https:\/\/utulek.ostrava.cz\/\/wp-content\/uploads\/2020\/02\/priloha_c_1-zvire.doc\">P\u0159\u00edloha \u010d. 1 k z\u00e1znamu o n\u00e1lezu psa<\/a><\/li>\n\n\n\n<li> <a href=\"https:\/\/utulek.ostrava.cz\/\/wp-content\/uploads\/2020\/02\/priloha_c_2-predani_psa.docx\">P\u0159\u00edloha \u010d. 2 &#8211; p\u0159ed\u00e1n\u00ed psa<\/a><\/li>\n\n\n\n<li> <a href=\"https:\/\/utulek.ostrava.cz\/wp-content\/uploads\/2023\/03\/priloha-c.-3-cestne-prohlaseni.pdf\">P\u0159\u00edloha \u010d. 3 &#8211; \u010destn\u00e9 prohl\u00e1\u0161en\u00ed<\/a><\/li>\n\n\n\n<li><a href=\"https:\/\/utulek.ostrava.cz\/\/wp-content\/uploads\/2020\/02\/zaznam_o_oznameni_nalezu_zvire.docx\">Z\u00e1znam o ozn\u00e1men\u00ed n\u00e1lezu psa<\/a><\/li>\n\n\n\n<li><a href=\"https:\/\/utulek.ostrava.cz\/wp-content\/uploads\/2020\/06\/Provozn\u00ed-\u0159\u00e1d-\u00fatulku-2020-v\u010detn\u011b-Dezinfek\u010dn\u00edho-pl\u00e1nu.pdf\">Provozn\u00ed \u0159\u00e1d \u00fatulku v\u010detn\u011b Dezinfek\u010dn\u00edho pl\u00e1nu<\/a> <\/li>\n\n\n\n<li> <a href=\"https:\/\/utulek.ostrava.cz\/\/wp-content\/uploads\/2020\/02\/ivotn-situace-Nlez-zvete.doc\">Postup ob\u010dana p\u0159i n\u00e1lezu zv\u00ed\u0159ete<\/a><\/li>\n<\/ul>\n\n\n\n<p><\/p>\n","protected":false},"excerpt":{"rendered":"<p>St\u00e1hn\u011bte si vzory smluv. Ostatn\u00ed dokumenty<\/p>\n","protected":false},"author":3,"featured_media":0,"parent":0,"menu_order":0,"comment_status":"closed","ping_status":"closed","template":"","meta":{"_acf_changed":false,"footnotes":""},"class_list":["post-80","page","type-page","status-publish","hentry"],"acf":[],"_links":{"self":[{"href":"https:\/\/utulek.ostrava.cz\/index.php\/wp-json\/wp\/v2\/pages\/80","targetHints":{"allow":["GET"]}}],"collection":[{"href":"https:\/\/utulek.ostrava.cz\/index.php\/wp-json\/wp\/v2\/pages"}],"about":[{"href":"https:\/\/utulek.ostrava.cz\/index.php\/wp-json\/wp\/v2\/types\/page"}],"author":[{"embeddable":true,"href":"https:\/\/utulek.ostrava.cz\/index.php\/wp-json\/wp\/v2\/users\/3"}],"replies":[{"embeddable":true,"href":"https:\/\/utulek.ostrava.cz\/index.php\/wp-json\/wp\/v2\/comments?post=80"}],"version-history":[{"count":17,"href":"https:\/\/utulek.ostrava.cz\/index.php\/wp-json\/wp\/v2\/pages\/80\/revisions"}],"predecessor-version":[{"id":6495,"href":"https:\/\/utulek.ostrava.cz\/index.php\/wp-json\/wp\/v2\/pages\/80\/revisions\/6495"}],"wp:attachment":[{"href":"https:\/\/utulek.ostrava.cz\/index.php\/wp-json\/wp\/v2\/media?parent=80"}],"curies":[{"name":"wp","href":"https:\/\/api.w.org\/{rel}","templated":true}]}}