{"id":95,"date":"2020-02-18T13:20:57","date_gmt":"2020-02-18T12:20:57","guid":{"rendered":"https:\/\/utulek.ostrava.cz\/\/?page_id=95"},"modified":"2025-11-28T13:19:22","modified_gmt":"2025-11-28T12:19:22","slug":"informace","status":"publish","type":"page","link":"https:\/\/utulek.ostrava.cz\/index.php\/informace\/","title":{"rendered":"Informace"},"content":{"rendered":"\n<p> \u00datulkov\u00fdm pejsk\u016fm m\u016f\u017eete pomoci tak\u00e9 bez osvojen\u00ed. <\/p>\n\n\n\n<p>Krajsk\u00fd \u00fa\u0159ad Moravskoslezsk\u00e9ho kraje osv\u011bd\u010dil dopisem, ze dne 19. 9. 2017, \u010d.j. MSK 113734\/2017, statut\u00e1rn\u00edmu m\u011bstu Ostrava, dle \u00a7 4 odst. 1 z\u00e1kona \u010d. 117\/2001 Sb., o ve\u0159ejn\u00fdch sb\u00edrk\u00e1ch a o zm\u011bn\u011b n\u011bkter\u00fdch z\u00e1kon\u016f, ve zn\u011bn\u00ed pozd\u011bj\u0161\u00edch p\u0159edpis\u016f, kon\u00e1n\u00ed ve\u0159ejn\u00e9 sb\u00edrky, jej\u00edm\u017e \u00fa\u010delem je spolufinancov\u00e1n\u00ed \u00fatulku pro psy v Ostrav\u011b-T\u0159ebovic\u00edch (n\u00e1kup pot\u0159ebn\u00e9ho materi\u00e1lu pro um\u00edst\u011bn\u00e9 psy). <\/p>\n\n\n\n<p><strong>Kon\u00e1n\u00ed sb\u00edrky je od 1. 10. 2017, na dobu neur\u010ditou.<\/strong>  <strong>Pro pot\u0159eby sb\u00edrky je z\u0159\u00edzen zvl\u00e1\u0161tn\u00ed bankovn\u00ed&nbsp;\u00fa\u010det \u010d.:<\/strong> <\/p>\n\n\n\n<p class=\"has-text-align-center\"><strong>110189 \u2013 1649297309\/0800<\/strong><\/p>\n\n\n\n<p> Tento bankovn\u00ed \u00fa\u010det slou\u017e\u00ed pouze pro p\u0159\u00edjem finan\u010dn\u00edch prost\u0159edk\u016f poskytnut\u00fdch jednotliv\u00fdmi d\u00e1rci v r\u00e1mci kon\u00e1n\u00ed ve\u0159ejn\u00e9 sb\u00edrky. <\/p>\n\n\n\n<p>Na uveden\u00fd bankovn\u00ed \u00fa\u010det mohou z\u00e1jemci poskytnout libovolnou finan\u010dn\u00ed \u010d\u00e1stkou na spolufinancov\u00e1n\u00ed \u00fatulku pro psy v Ostrav\u011b-T\u0159ebovic\u00edch. Za pen\u00edze z t\u00e9to ve\u0159ejn\u00e9 sb\u00edrky budou zakoupeny pot\u0159eby pro psy v \u00fatulku. Ka\u017ed\u00fd p\u0159\u00edsp\u011bvek, kter\u00fd umo\u017en\u00ed zm\u00edrnit n\u00e1sledky spojen\u00e9 s nedobrovoln\u00fdm pobytem nejlep\u0161\u00edho p\u0159\u00edtele \u010dlov\u011bka v \u00fatulku, je velkou pomoc\u00ed a Magistr\u00e1t m\u011bsta Ostravy, jako provozovatel \u00fatulku, za ni velmi d\u011bkuje.                  <br>                   <\/p>\n\n\n\n<p>Pejsky m\u016f\u017eete pot\u011b\u0161it tak\u00e9 n\u011bjak\u00fdmi pamlsky, pi\u0161koty, interaktivn\u00edmi hrami, tepl\u00fdmi dekami, pel\u00ed\u0161ky, tak\u00e9 kloubn\u00ed v\u00fd\u017eivou a beteglukany, kter\u00e9 m\u00e1te mo\u017enost don\u00e9st p\u0159\u00edmo do \u00fatulku.<\/p>\n\n\n\n<h3 class=\"wp-block-heading\"> Pro sponzory <\/h3>\n\n\n\n<p> Jste firma, kter\u00e1 m\u00e1 z\u00e1jem o dlouhodobou podporu \u00fatulkov\u00fdch pejsk\u016f? Sponzorovat m\u016f\u017eete pejsky krmivem, pamlsky, dopl\u0148ky stravy, obojky, vod\u00edtky, hra\u010dkami, pel\u00ed\u0161ky, dekami, startovn\u00edmi bal\u00ed\u010dky pro opatrovn\u00edky, aj. Nab\u00edz\u00edme reklamu a propagaci va\u0161\u00ed firmy. Kontaktujte pros\u00edm \u00fatulek, tel: + 420 599 455 191. <\/p>\n\n\n\n<p> <strong>\u201eSezn\u00e1men\u00ed ve\u0159ejnosti s kone\u010dn\u00fdm vy\u00fa\u010dtov\u00e1n\u00edm ve\u0159ejn\u00e9 sb\u00edrky za obdob\u00ed od 10. 7. 2014\u201c<\/strong> <\/p>\n\n\n\n<ul class=\"wp-block-list\">\n<li> <a href=\"https:\/\/utulek.ostrava.cz\/\/wp-content\/uploads\/2020\/02\/schvlen-zvrenho-vytovn-sbrky-K-MSK.pdf\">Schv\u00e1len\u00ed z\u00e1v\u011bre\u010dn\u00e9ho vy\u00fa\u010dtov\u00e1n\u00ed sb\u00edrky K\u00da MSK<\/a> <\/li>\n\n\n\n<li> <a href=\"https:\/\/utulek.ostrava.cz\/\/wp-content\/uploads\/2020\/02\/Zveejnn_erpn-sbrky-2014-2017.xls\">Zve\u0159ejn\u011bn\u00ed sb\u00edrky 2014-2017<\/a> <\/li>\n\n\n\n<li> <a href=\"https:\/\/utulek.ostrava.cz\/\/wp-content\/uploads\/2020\/02\/osv\u011bd\u010den\u00ed-sb\u00edrky.pdf\">Osv\u011bd\u010den\u00ed o kon\u00e1n\u00ed ve\u0159ejn\u00e9 sb\u00edrky<\/a> <\/li>\n\n\n\n<li><a href=\"https:\/\/utulek.ostrava.cz\/wp-content\/uploads\/2020\/05\/Schv\u00e1len\u00ed-pr\u016fb\u011b\u017en\u00e9ho-vy\u00fa\u010dtov\u00e1n\u00ed-ve\u0159ejn\u00e9-sb\u00edrky-1.10.2017-31.12.2018.pdf\">Schv\u00e1len\u00ed p\u0159edb\u011b\u017en\u00e9ho vy\u00fa\u010dtov\u00e1n\u00ed ve\u0159ejn\u00e9 sb\u00edrky 1.10.2017 -31.12.2018<\/a><\/li>\n\n\n\n<li><a href=\"https:\/\/utulek.ostrava.cz\/wp-content\/uploads\/2020\/05\/Schv\u00e1len\u00ed-pr\u016fb\u011b\u017en\u00e9ho-vy\u00fa\u010dtov\u00e1n\u00ed-ve\u0159ejn\u00e9-sb\u00edrky-1.1.2019-31.12.2019.pdf\">Schv\u00e1len\u00ed p\u0159edb\u011b\u017en\u00e9ho vy\u00fa\u010dtov\u00e1n\u00ed ve\u0159ejn\u00e9 sb\u00edrky 1.1.2019 &#8211; 31.12.2019<\/a><\/li>\n\n\n\n<li><a href=\"https:\/\/utulek.ostrava.cz\/wp-content\/uploads\/2022\/08\/Prubezne-vyuctovani-verejne-sbirky-za-rok-2020-2.pdf\">Prubezne-vyuctovani-verejne-sbirky-za-rok-2020.pdf<\/a><\/li>\n\n\n\n<li><a href=\"https:\/\/utulek.ostrava.cz\/wp-content\/uploads\/2022\/08\/Prubezne-vyuctovani-verejne-sbirky-za-rok-2021.pdf\">Prubezne-vyuctovani-verejne-sbirky-za-rok-2021.pdf<\/a><\/li>\n\n\n\n<li><a href=\"https:\/\/utulek.ostrava.cz\/wp-content\/uploads\/2024\/03\/Prubezne-vyuctovani-verejne-sbirky-za-rok-2022.pdf\">Prubezne-vyuctovani-verejne-sbirky-za-rok-2022.pdf<\/a><\/li>\n\n\n\n<li><a href=\"https:\/\/utulek.ostrava.cz\/wp-content\/uploads\/2024\/03\/Prubezne-vyuctovani-verejne-sbirky-za-rok-2023.pdf\">Prubezne-vyuctovani-verejne-sbirky-za-rok-2023.pdf<\/a><\/li>\n<\/ul>\n","protected":false},"excerpt":{"rendered":"<p>\u00datulkov\u00fdm pejsk\u016fm m\u016f\u017eete pomoci tak\u00e9 bez osvojen\u00ed. Krajsk\u00fd \u00fa\u0159ad Moravskoslezsk\u00e9ho kraje osv\u011bd\u010dil dopisem, ze dne 19. 9. 2017, \u010d.j. MSK 113734\/2017, statut\u00e1rn\u00edmu m\u011bstu Ostrava, dle [&hellip;]<\/p>\n","protected":false},"author":3,"featured_media":0,"parent":0,"menu_order":0,"comment_status":"closed","ping_status":"closed","template":"","meta":{"_acf_changed":false,"footnotes":""},"class_list":["post-95","page","type-page","status-publish","hentry"],"acf":[],"_links":{"self":[{"href":"https:\/\/utulek.ostrava.cz\/index.php\/wp-json\/wp\/v2\/pages\/95","targetHints":{"allow":["GET"]}}],"collection":[{"href":"https:\/\/utulek.ostrava.cz\/index.php\/wp-json\/wp\/v2\/pages"}],"about":[{"href":"https:\/\/utulek.ostrava.cz\/index.php\/wp-json\/wp\/v2\/types\/page"}],"author":[{"embeddable":true,"href":"https:\/\/utulek.ostrava.cz\/index.php\/wp-json\/wp\/v2\/users\/3"}],"replies":[{"embeddable":true,"href":"https:\/\/utulek.ostrava.cz\/index.php\/wp-json\/wp\/v2\/comments?post=95"}],"version-history":[{"count":38,"href":"https:\/\/utulek.ostrava.cz\/index.php\/wp-json\/wp\/v2\/pages\/95\/revisions"}],"predecessor-version":[{"id":6993,"href":"https:\/\/utulek.ostrava.cz\/index.php\/wp-json\/wp\/v2\/pages\/95\/revisions\/6993"}],"wp:attachment":[{"href":"https:\/\/utulek.ostrava.cz\/index.php\/wp-json\/wp\/v2\/media?parent=95"}],"curies":[{"name":"wp","href":"https:\/\/api.w.org\/{rel}","templated":true}]}}